{"id":1612,"date":"2025-04-17T08:11:19","date_gmt":"2025-04-17T08:11:19","guid":{"rendered":"https:\/\/kimduc.com.vn\/?post_type=product&#038;p=1612"},"modified":"2025-06-05T09:02:01","modified_gmt":"2025-06-05T09:02:01","slug":"tui-mai","status":"publish","type":"product","link":"https:\/\/kimduc.com.vn\/vi\/product\/tui-mai\/","title":{"rendered":"T\u00fai Crossroads \u0111en"},"content":{"rendered":"","protected":false},"excerpt":{"rendered":"<p>T\u00fai \u0111\u1ef1ng \u0111\u1ed3 t\u1ea1p h\u00f3a c\u00f3 s\u1ee9c ch\u1ee9a l\u1edbn n\u00e0y c\u00f3 th\u1ec3 \u0111\u1ef1ng \u0111\u01b0\u1ee3c l\u01b0\u1ee3ng \u0111\u1ed3 t\u1ea1p h\u00f3a b\u1eb1ng ba t\u00fai nh\u1ef1a v\u00e0 ch\u1ea5t li\u1ec7u polypropylene d\u1ec7t b\u1ec1n \u0111\u01b0\u1ee3c ch\u1ebf t\u1ea1o \u0111\u1ec3 s\u1eed d\u1ee5ng h\u00e0ng tr\u0103m l\u1ea7n. T\u00fai n\u00e0y l\u00fd t\u01b0\u1edfng cho c\u00e1c chuy\u1ebfn \u0111i mua s\u1eafm, l\u01b0u tr\u1eef v\u00e0 s\u1eed d\u1ee5ng h\u00e0ng ng\u00e0y.<\/p>\n","protected":false},"featured_media":905,"comment_status":"open","ping_status":"closed","template":"","meta":{"_acf_changed":false},"product_brand":[],"product_cat":[53,60],"product_tag":[],"class_list":{"0":"post-1612","1":"product","2":"type-product","3":"status-publish","4":"has-post-thumbnail","6":"product_cat-tui-mua-sam-pp-khong-det","7":"product_cat-tui-deo-lung","9":"first","10":"instock","11":"shipping-taxable","12":"product-type-simple"},"acf":[],"_links":{"self":[{"href":"https:\/\/kimduc.com.vn\/vi\/wp-json\/wp\/v2\/product\/1612","targetHints":{"allow":["GET"]}}],"collection":[{"href":"https:\/\/kimduc.com.vn\/vi\/wp-json\/wp\/v2\/product"}],"about":[{"href":"https:\/\/kimduc.com.vn\/vi\/wp-json\/wp\/v2\/types\/product"}],"replies":[{"embeddable":true,"href":"https:\/\/kimduc.com.vn\/vi\/wp-json\/wp\/v2\/comments?post=1612"}],"wp:featuredmedia":[{"embeddable":true,"href":"https:\/\/kimduc.com.vn\/vi\/wp-json\/wp\/v2\/media\/905"}],"wp:attachment":[{"href":"https:\/\/kimduc.com.vn\/vi\/wp-json\/wp\/v2\/media?parent=1612"}],"wp:term":[{"taxonomy":"product_brand","embeddable":true,"href":"https:\/\/kimduc.com.vn\/vi\/wp-json\/wp\/v2\/product_brand?post=1612"},{"taxonomy":"product_cat","embeddable":true,"href":"https:\/\/kimduc.com.vn\/vi\/wp-json\/wp\/v2\/product_cat?post=1612"},{"taxonomy":"product_tag","embeddable":true,"href":"https:\/\/kimduc.com.vn\/vi\/wp-json\/wp\/v2\/product_tag?post=1612"}],"curies":[{"name":"wp","href":"https:\/\/api.w.org\/{rel}","templated":true}]}}